{"id":936,"date":"2022-09-05T14:27:13","date_gmt":"2022-09-05T14:27:13","guid":{"rendered":"https:\/\/poesis.cambia-marketing.it\/?page_id=936"},"modified":"2023-01-17T08:50:03","modified_gmt":"2023-01-17T08:50:03","slug":"la-bottega","status":"publish","type":"page","link":"https:\/\/poesishotel.it\/en\/la-bottega\/","title":{"rendered":"Bottega"},"content":{"rendered":"<div data-elementor-type=\"wp-page\" data-elementor-id=\"936\" class=\"elementor elementor-936\">\n\t\t\t\t\t\t\t\t\t<section class=\"elementor-section elementor-top-section elementor-element elementor-element-7b32081 elementor-section-full_width elementor-section-height-min-height elementor-section-content-middle elementor-hidden-desktop elementor-section-height-default elementor-section-items-middle\" data-id=\"7b32081\" data-element_type=\"section\" data-settings=\"{&quot;background_background&quot;:&quot;classic&quot;}\">\n\t\t\t\t\t\t<div class=\"elementor-container elementor-column-gap-default\">\n\t\t\t\t\t<div class=\"elementor-column elementor-col-100 elementor-top-column elementor-element elementor-element-0a9b135\" data-id=\"0a9b135\" data-element_type=\"column\">\n\t\t\t<div class=\"elementor-widget-wrap\">\n\t\t\t\t\t\t\t\t\t<\/div>\n\t\t<\/div>\n\t\t\t\t\t\t\t<\/div>\n\t\t<\/section>\n\t\t\t\t<section class=\"elementor-section elementor-top-section elementor-element elementor-element-831dcf7 elementor-section-full_width elementor-hidden-mobile elementor-section-height-default elementor-section-height-default\" data-id=\"831dcf7\" data-element_type=\"section\" data-settings=\"{&quot;background_background&quot;:&quot;classic&quot;}\">\n\t\t\t\t\t\t\t<div class=\"elementor-background-overlay\"><\/div>\n\t\t\t\t\t\t\t<div class=\"elementor-container elementor-column-gap-default\">\n\t\t\t\t\t<div class=\"elementor-column elementor-col-100 elementor-top-column elementor-element elementor-element-8b98847\" data-id=\"8b98847\" data-element_type=\"column\" data-settings=\"{&quot;background_background&quot;:&quot;classic&quot;}\">\n\t\t\t<div class=\"elementor-widget-wrap elementor-element-populated\">\n\t\t\t\t\t\t\t\t<div class=\"elementor-element elementor-element-5083d4b elementor-widget elementor-widget-image\" data-id=\"5083d4b\" data-element_type=\"widget\" data-widget_type=\"image.default\">\n\t\t\t\t<div class=\"elementor-widget-container\">\n\t\t\t<style>\/*! elementor - v3.10.0 - 09-01-2023 *\/\n.elementor-widget-image{text-align:center}.elementor-widget-image a{display:inline-block}.elementor-widget-image a img[src$=\".svg\"]{width:48px}.elementor-widget-image img{vertical-align:middle;display:inline-block}<\/style>\t\t\t\t\t\t\t\t\t\t\t\t<img loading=\"lazy\" decoding=\"async\" width=\"1865\" height=\"1046\" src=\"https:\/\/poesishotel.it\/wp-content\/uploads\/2022\/11\/POESIS03_LOW.jpg\" class=\"attachment-full size-full wp-image-1754\" alt=\"\" srcset=\"https:\/\/poesishotel.it\/wp-content\/uploads\/2022\/11\/POESIS03_LOW.jpg 1865w, https:\/\/poesishotel.it\/wp-content\/uploads\/2022\/11\/POESIS03_LOW-300x168.jpg 300w, https:\/\/poesishotel.it\/wp-content\/uploads\/2022\/11\/POESIS03_LOW-1024x574.jpg 1024w, https:\/\/poesishotel.it\/wp-content\/uploads\/2022\/11\/POESIS03_LOW-768x431.jpg 768w, https:\/\/poesishotel.it\/wp-content\/uploads\/2022\/11\/POESIS03_LOW-1536x861.jpg 1536w\" sizes=\"auto, (max-width: 1865px) 100vw, 1865px\" \/>\t\t\t\t\t\t\t\t\t\t\t\t\t\t\t<\/div>\n\t\t\t\t<\/div>\n\t\t\t\t\t<\/div>\n\t\t<\/div>\n\t\t\t\t\t\t\t<\/div>\n\t\t<\/section>\n\t\t\t\t<section class=\"elementor-section elementor-top-section elementor-element elementor-element-acf9366 elementor-section-full_width elementor-section-height-min-height elementor-section-height-default elementor-section-items-middle\" data-id=\"acf9366\" data-element_type=\"section\" data-settings=\"{&quot;background_background&quot;:&quot;classic&quot;}\">\n\t\t\t\t\t\t<div class=\"elementor-container elementor-column-gap-default\">\n\t\t\t\t\t<div class=\"elementor-column elementor-col-100 elementor-top-column elementor-element elementor-element-02cd0fc\" data-id=\"02cd0fc\" data-element_type=\"column\">\n\t\t\t<div class=\"elementor-widget-wrap\">\n\t\t\t\t\t\t\t\t\t<\/div>\n\t\t<\/div>\n\t\t\t\t\t\t\t<\/div>\n\t\t<\/section>\n\t\t\t\t<section class=\"elementor-section elementor-top-section elementor-element elementor-element-c218cbc elementor-section-full_width elementor-section-height-default elementor-section-height-default\" data-id=\"c218cbc\" data-element_type=\"section\">\n\t\t\t\t\t\t<div class=\"elementor-container elementor-column-gap-default\">\n\t\t\t\t\t<div class=\"elementor-column elementor-col-50 elementor-top-column elementor-element elementor-element-8e9b12d\" data-id=\"8e9b12d\" data-element_type=\"column\">\n\t\t\t<div class=\"elementor-widget-wrap elementor-element-populated\">\n\t\t\t\t\t\t\t\t<div class=\"elementor-element elementor-element-20043ed elementor-widget elementor-widget-heading\" data-id=\"20043ed\" data-element_type=\"widget\" data-widget_type=\"heading.default\">\n\t\t\t\t<div class=\"elementor-widget-container\">\n\t\t\t<style>\/*! elementor - v3.10.0 - 09-01-2023 *\/\n.elementor-heading-title{padding:0;margin:0;line-height:1}.elementor-widget-heading .elementor-heading-title[class*=elementor-size-]>a{color:inherit;font-size:inherit;line-height:inherit}.elementor-widget-heading .elementor-heading-title.elementor-size-small{font-size:15px}.elementor-widget-heading .elementor-heading-title.elementor-size-medium{font-size:19px}.elementor-widget-heading .elementor-heading-title.elementor-size-large{font-size:29px}.elementor-widget-heading .elementor-heading-title.elementor-size-xl{font-size:39px}.elementor-widget-heading .elementor-heading-title.elementor-size-xxl{font-size:59px}<\/style><h2 class=\"elementor-heading-title elementor-size-default\">A place where they meet <br>\ncreativity, craftsmanship and tradition<br>\ndiscovering the best excellence.\n<\/h2>\t\t<\/div>\n\t\t\t\t<\/div>\n\t\t\t\t<div class=\"elementor-element elementor-element-5ba839e elementor-widget elementor-widget-text-editor\" data-id=\"5ba839e\" data-element_type=\"widget\" data-widget_type=\"text-editor.default\">\n\t\t\t\t<div class=\"elementor-widget-container\">\n\t\t\t<style>\/*! elementor - v3.10.0 - 09-01-2023 *\/\n.elementor-widget-text-editor.elementor-drop-cap-view-stacked .elementor-drop-cap{background-color:#818a91;color:#fff}.elementor-widget-text-editor.elementor-drop-cap-view-framed .elementor-drop-cap{color:#818a91;border:3px solid;background-color:transparent}.elementor-widget-text-editor:not(.elementor-drop-cap-view-default) .elementor-drop-cap{margin-top:8px}.elementor-widget-text-editor:not(.elementor-drop-cap-view-default) .elementor-drop-cap-letter{width:1em;height:1em}.elementor-widget-text-editor .elementor-drop-cap{float:left;text-align:center;line-height:1;font-size:50px}.elementor-widget-text-editor .elementor-drop-cap-letter{display:inline-block}<\/style>\t\t\t\t<p>Po\u0113sis Experience Hotel<\/p>\t\t\t\t\t\t<\/div>\n\t\t\t\t<\/div>\n\t\t\t\t\t<\/div>\n\t\t<\/div>\n\t\t\t\t<div class=\"elementor-column elementor-col-50 elementor-top-column elementor-element elementor-element-6f61422\" data-id=\"6f61422\" data-element_type=\"column\">\n\t\t\t<div class=\"elementor-widget-wrap elementor-element-populated\">\n\t\t\t\t\t\t\t\t<div class=\"elementor-element elementor-element-66141ca elementor-widget elementor-widget-text-editor\" data-id=\"66141ca\" data-element_type=\"widget\" data-widget_type=\"text-editor.default\">\n\t\t\t\t<div class=\"elementor-widget-container\">\n\t\t\t\t\t\t\t<p>The Bottega is an exclusive place where products of excellence are carefully selected, displayed and made known to guests with the intention of adding the discovery of typical and most representative local products to the travel experience. The presence of Vintage products also makes the Bottega a place where tradition and iconic creations of Made in Italy craftsmanship and haute couture can be revived.<\/p>\t\t\t\t\t\t<\/div>\n\t\t\t\t<\/div>\n\t\t\t\t\t<\/div>\n\t\t<\/div>\n\t\t\t\t\t\t\t<\/div>\n\t\t<\/section>\n\t\t\t\t<section class=\"elementor-section elementor-top-section elementor-element elementor-element-5d11b7d elementor-section-full_width elementor-section-height-default elementor-section-height-default\" data-id=\"5d11b7d\" data-element_type=\"section\" data-settings=\"{&quot;background_background&quot;:&quot;classic&quot;}\">\n\t\t\t\t\t\t<div class=\"elementor-container elementor-column-gap-default\">\n\t\t\t\t\t<div class=\"elementor-column elementor-col-50 elementor-top-column elementor-element elementor-element-1a7b032\" data-id=\"1a7b032\" data-element_type=\"column\">\n\t\t\t<div class=\"elementor-widget-wrap elementor-element-populated\">\n\t\t\t\t\t\t\t\t<div class=\"elementor-element elementor-element-a02aa7c elementor-widget elementor-widget-heading\" data-id=\"a02aa7c\" data-element_type=\"widget\" data-widget_type=\"heading.default\">\n\t\t\t\t<div class=\"elementor-widget-container\">\n\t\t\t<h2 class=\"elementor-heading-title elementor-size-default\">PERSONAL SHOPPPER<\/h2>\t\t<\/div>\n\t\t\t\t<\/div>\n\t\t\t\t<div class=\"elementor-element elementor-element-8a92806 elementor-widget elementor-widget-text-editor\" data-id=\"8a92806\" data-element_type=\"widget\" data-widget_type=\"text-editor.default\">\n\t\t\t\t<div class=\"elementor-widget-container\">\n\t\t\t\t\t\t\t<p>Living an exclusive moment, letting yourself be advised by a fashion professional is the best way to see yourself with new eyes, enhancing your image.<br \/><br \/><\/p>\t\t\t\t\t\t<\/div>\n\t\t\t\t<\/div>\n\t\t\t\t\t<\/div>\n\t\t<\/div>\n\t\t\t\t<div class=\"elementor-column elementor-col-50 elementor-top-column elementor-element elementor-element-699eda2\" data-id=\"699eda2\" data-element_type=\"column\">\n\t\t\t<div class=\"elementor-widget-wrap elementor-element-populated\">\n\t\t\t\t\t\t\t\t<div class=\"elementor-element elementor-element-743c79d elementor-widget elementor-widget-image\" data-id=\"743c79d\" data-element_type=\"widget\" data-widget_type=\"image.default\">\n\t\t\t\t<div class=\"elementor-widget-container\">\n\t\t\t\t\t\t\t\t\t\t\t\t\t\t\t<img loading=\"lazy\" decoding=\"async\" width=\"716\" height=\"716\" src=\"https:\/\/poesishotel.it\/wp-content\/uploads\/2022\/11\/Gruppo-di-maschere-15.png\" class=\"attachment-full size-full wp-image-1764\" alt=\"\" srcset=\"https:\/\/poesishotel.it\/wp-content\/uploads\/2022\/11\/Gruppo-di-maschere-15.png 716w, https:\/\/poesishotel.it\/wp-content\/uploads\/2022\/11\/Gruppo-di-maschere-15-300x300.png 300w, https:\/\/poesishotel.it\/wp-content\/uploads\/2022\/11\/Gruppo-di-maschere-15-150x150.png 150w\" sizes=\"auto, (max-width: 716px) 100vw, 716px\" \/>\t\t\t\t\t\t\t\t\t\t\t\t\t\t\t<\/div>\n\t\t\t\t<\/div>\n\t\t\t\t\t<\/div>\n\t\t<\/div>\n\t\t\t\t\t\t\t<\/div>\n\t\t<\/section>\n\t\t\t\t<section class=\"elementor-section elementor-top-section elementor-element elementor-element-6dc8125 elementor-section-full_width elementor-section-height-default elementor-section-height-default\" data-id=\"6dc8125\" data-element_type=\"section\" data-settings=\"{&quot;background_background&quot;:&quot;classic&quot;}\">\n\t\t\t\t\t\t<div class=\"elementor-container elementor-column-gap-default\">\n\t\t\t\t\t<div class=\"elementor-column elementor-col-50 elementor-top-column elementor-element elementor-element-91fec59\" data-id=\"91fec59\" data-element_type=\"column\">\n\t\t\t<div class=\"elementor-widget-wrap elementor-element-populated\">\n\t\t\t\t\t\t\t\t<div class=\"elementor-element elementor-element-98483cc elementor-widget elementor-widget-image\" data-id=\"98483cc\" data-element_type=\"widget\" data-widget_type=\"image.default\">\n\t\t\t\t<div class=\"elementor-widget-container\">\n\t\t\t\t\t\t\t\t\t\t\t\t\t\t\t<img loading=\"lazy\" decoding=\"async\" width=\"1866\" height=\"1244\" src=\"https:\/\/poesishotel.it\/wp-content\/uploads\/2023\/01\/POESIS37_1_LOW-1.jpg\" class=\"attachment-full size-full wp-image-2370\" alt=\"\" srcset=\"https:\/\/poesishotel.it\/wp-content\/uploads\/2023\/01\/POESIS37_1_LOW-1.jpg 1866w, https:\/\/poesishotel.it\/wp-content\/uploads\/2023\/01\/POESIS37_1_LOW-1-300x200.jpg 300w, https:\/\/poesishotel.it\/wp-content\/uploads\/2023\/01\/POESIS37_1_LOW-1-1024x683.jpg 1024w, https:\/\/poesishotel.it\/wp-content\/uploads\/2023\/01\/POESIS37_1_LOW-1-768x512.jpg 768w, https:\/\/poesishotel.it\/wp-content\/uploads\/2023\/01\/POESIS37_1_LOW-1-1536x1024.jpg 1536w\" sizes=\"auto, (max-width: 1866px) 100vw, 1866px\" \/>\t\t\t\t\t\t\t\t\t\t\t\t\t\t\t<\/div>\n\t\t\t\t<\/div>\n\t\t\t\t\t<\/div>\n\t\t<\/div>\n\t\t\t\t<div class=\"elementor-column elementor-col-50 elementor-top-column elementor-element elementor-element-85b89b1\" data-id=\"85b89b1\" data-element_type=\"column\">\n\t\t\t<div class=\"elementor-widget-wrap elementor-element-populated\">\n\t\t\t\t\t\t\t\t<div class=\"elementor-element elementor-element-d70e0b9 elementor-widget elementor-widget-heading\" data-id=\"d70e0b9\" data-element_type=\"widget\" data-widget_type=\"heading.default\">\n\t\t\t\t<div class=\"elementor-widget-container\">\n\t\t\t<h2 class=\"elementor-heading-title elementor-size-default\">BOUTIQUE AT HOME<\/h2>\t\t<\/div>\n\t\t\t\t<\/div>\n\t\t\t\t<div class=\"elementor-element elementor-element-6149846 elementor-widget elementor-widget-text-editor\" data-id=\"6149846\" data-element_type=\"widget\" data-widget_type=\"text-editor.default\">\n\t\t\t\t<div class=\"elementor-widget-container\">\n\t\t\t\t\t\t\t<p><span style=\"font-weight: 400;\">Haute couture is as fascinatingly surprising as Rome. Each boutique affiliated with the Po\u0113sis Experience Hotel also makes home deliveries, having your purchases delivered directly to your room.<\/span><\/p>\t\t\t\t\t\t<\/div>\n\t\t\t\t<\/div>\n\t\t\t\t\t<\/div>\n\t\t<\/div>\n\t\t\t\t\t\t\t<\/div>\n\t\t<\/section>\n\t\t\t\t\t\t\t<\/div>","protected":false},"excerpt":{"rendered":"<p>Un luogo dove si incontrano creativit\u00e0, artigianato e tradizione alla scoperta delle migliori eccellenze. Po\u0113sis Experience Hotel La Bottega \u00e8 un luogo esclusivo dove i prodotti di eccellenza vengono selezionati con cura, esposti e fatti conoscere agli ospiti con l&#8217;intento di aggiungere all&#8217;esperienza del viaggio anche la scoperta dei prodotti tipici e pi\u00f9 rappresentativi del [&hellip;]<\/p>","protected":false},"author":1,"featured_media":0,"parent":0,"menu_order":0,"comment_status":"closed","ping_status":"closed","template":"elementor_header_footer","meta":{"footnotes":""},"class_list":["post-936","page","type-page","status-publish","hentry"],"_links":{"self":[{"href":"https:\/\/poesishotel.it\/en\/wp-json\/wp\/v2\/pages\/936","targetHints":{"allow":["GET"]}}],"collection":[{"href":"https:\/\/poesishotel.it\/en\/wp-json\/wp\/v2\/pages"}],"about":[{"href":"https:\/\/poesishotel.it\/en\/wp-json\/wp\/v2\/types\/page"}],"author":[{"embeddable":true,"href":"https:\/\/poesishotel.it\/en\/wp-json\/wp\/v2\/users\/1"}],"replies":[{"embeddable":true,"href":"https:\/\/poesishotel.it\/en\/wp-json\/wp\/v2\/comments?post=936"}],"version-history":[{"count":44,"href":"https:\/\/poesishotel.it\/en\/wp-json\/wp\/v2\/pages\/936\/revisions"}],"predecessor-version":[{"id":2765,"href":"https:\/\/poesishotel.it\/en\/wp-json\/wp\/v2\/pages\/936\/revisions\/2765"}],"wp:attachment":[{"href":"https:\/\/poesishotel.it\/en\/wp-json\/wp\/v2\/media?parent=936"}],"curies":[{"name":"wp","href":"https:\/\/api.w.org\/{rel}","templated":true}]}}